{"id":155,"date":"2025-04-06T09:31:24","date_gmt":"2025-04-06T08:31:24","guid":{"rendered":"http:\/\/3.79.247.66\/?page_id=155"},"modified":"2025-05-05T20:45:52","modified_gmt":"2025-05-05T19:45:52","slug":"o-nas","status":"publish","type":"page","link":"https:\/\/www.edge44.com\/en\/o-nas\/","title":{"rendered":"About"},"content":{"rendered":"<h2 class=\"wp-block-heading\">WHO WE ARE<\/h2>\n\n\n\n<p class=\"translation-block\"><strong>EDGE44<\/strong> is a specialized integrator delivering unique technological solutions in the form of modular and mobile data center systems. Our solutions enable secure, reliable, and high-performance communication and data management in the most demanding and dynamic operational environments.\n\nWe are an official partner of <strong><a href=\"http:\/\/WWW.KLASGROUP.COM\" data-type=\"link\" data-id=\"WWW.KLASGROUP.COM\" target=\"_self\">KLAS<\/a><\/strong> \u2013 a U.S.-based manufacturer of specialized IT solutions developed under agreements with the U.S. Department of State. Continuing KLAS\u2019s mission, we focus on EDGE environments for IT solutions, communication systems, and radio integration.\n\n<strong>EDGE44<\/strong> operates in Poland and across Europe \u2013 we collaborate with international partners, including through the <a href=\"https:\/\/pol-ukr.com\" target=\"_self\">Polish-Ukrainian Chamber of Commerce<\/a>. \u200b<br>\u200b<br><strong>Our certifications: <\/strong>\u200b<br>\u2022 ISO 9001:2015 \u200b<br>\u2022 ISO 27001:2022\u200b<br>\u2022 Polish Internal Control System (WSK)<\/p>","protected":false},"excerpt":{"rendered":"<p>KIM JESTE\u015aMY EDGE44 to specjalistyczny integrator dostarczaj\u0105cy unikalne rozwi\u0105zania technologiczne w postaci modu\u0142owych i mobilnych system\u00f3w data center. Oferowane przez nas rozwi\u0105zania umo\u017cliwiaj\u0105 bezpieczn\u0105, niezawodn\u0105 i wydajn\u0105 komunikacj\u0119 oraz zarz\u0105dzanie danymi \u200bw najbardziej wymagaj\u0105cych i zmiennych warunkach operacyjnych.\u200b\u200bJeste\u015bmy oficjalnym partnerem firmy KLAS \u2013 ameryka\u0144skiego producenta specjalistycznych rozwi\u0105za\u0144 IT powstaj\u0105cych na podstawie umowy z Departamentem Stanu [&hellip;]<\/p>\n","protected":false},"author":1,"featured_media":0,"parent":0,"menu_order":0,"comment_status":"closed","ping_status":"closed","template":"","meta":{"saved_in_kubio":true,"footnotes":""},"class_list":["post-155","page","type-page","status-publish","hentry"],"kubio_ai_page_context":{"short_desc":"","purpose":"general"},"jetpack_sharing_enabled":true,"_links":{"self":[{"href":"https:\/\/www.edge44.com\/en\/wp-json\/wp\/v2\/pages\/155","targetHints":{"allow":["GET"]}}],"collection":[{"href":"https:\/\/www.edge44.com\/en\/wp-json\/wp\/v2\/pages"}],"about":[{"href":"https:\/\/www.edge44.com\/en\/wp-json\/wp\/v2\/types\/page"}],"author":[{"embeddable":true,"href":"https:\/\/www.edge44.com\/en\/wp-json\/wp\/v2\/users\/1"}],"replies":[{"embeddable":true,"href":"https:\/\/www.edge44.com\/en\/wp-json\/wp\/v2\/comments?post=155"}],"version-history":[{"count":4,"href":"https:\/\/www.edge44.com\/en\/wp-json\/wp\/v2\/pages\/155\/revisions"}],"predecessor-version":[{"id":217,"href":"https:\/\/www.edge44.com\/en\/wp-json\/wp\/v2\/pages\/155\/revisions\/217"}],"wp:attachment":[{"href":"https:\/\/www.edge44.com\/en\/wp-json\/wp\/v2\/media?parent=155"}],"curies":[{"name":"wp","href":"https:\/\/api.w.org\/{rel}","templated":true}]}}